{"id":5547,"date":"2025-06-03T11:58:03","date_gmt":"2025-06-03T09:58:03","guid":{"rendered":"https:\/\/eztain.new.mediweb.co\/lp-lead-magnet\/"},"modified":"2025-06-03T11:58:03","modified_gmt":"2025-06-03T09:58:03","slug":"lp-lead-magnet","status":"publish","type":"page","link":"https:\/\/eztain.new.mediweb.co\/en\/lp-lead-magnet\/","title":{"rendered":"LP Lead Magnet"},"content":{"rendered":"\n<p>eZtain<\/p>\n","protected":false},"excerpt":{"rendered":"<p>eZtain<\/p>\n","protected":false},"author":1,"featured_media":0,"parent":0,"menu_order":0,"comment_status":"closed","ping_status":"closed","template":"page-landing.php","meta":{"_acf_changed":false,"_editorskit_title_hidden":false,"_editorskit_reading_time":0,"_editorskit_is_block_options_detached":false,"_editorskit_block_options_position":"{}","footnotes":""},"class_list":["post-5547","page","type-page","status-publish","hentry"],"acf":[],"yoast_head":"<!-- This site is optimized with the Yoast SEO plugin v27.1.1 - https:\/\/yoast.com\/product\/yoast-seo-wordpress\/ -->\n<title>LP Lead Magnet | eZtain Lab<\/title>\n<meta name=\"robots\" content=\"noindex, follow, max-snippet:-1, max-image-preview:large, max-video-preview:-1\" \/>\n<meta property=\"og:locale\" content=\"en_US\" \/>\n<meta property=\"og:type\" content=\"article\" \/>\n<meta property=\"og:title\" content=\"LP Lead Magnet | eZtain Lab\" \/>\n<meta property=\"og:description\" content=\"eZtain\" \/>\n<meta property=\"og:url\" content=\"https:\/\/eztain.new.mediweb.co\/en\/lp-lead-magnet\/\" \/>\n<meta property=\"og:site_name\" content=\"eZtain Lab\" \/>\n<meta property=\"og:image\" content=\"https:\/\/eztain.new.mediweb.co\/wp-content\/uploads\/2024\/04\/contention-numerique-peek-eztain.webp\" \/>\n\t<meta property=\"og:image:width\" content=\"585\" \/>\n\t<meta property=\"og:image:height\" content=\"360\" \/>\n\t<meta property=\"og:image:type\" content=\"image\/webp\" \/>\n<meta name=\"twitter:card\" content=\"summary_large_image\" \/>\n<script type=\"application\/ld+json\" class=\"yoast-schema-graph\">{\"@context\":\"https:\/\/schema.org\",\"@graph\":[{\"@type\":\"WebPage\",\"@id\":\"https:\/\/eztain.new.mediweb.co\/en\/lp-lead-magnet\/\",\"url\":\"https:\/\/eztain.new.mediweb.co\/en\/lp-lead-magnet\/\",\"name\":\"LP Lead Magnet | eZtain Lab\",\"isPartOf\":{\"@id\":\"https:\/\/eztain.new.mediweb.co\/en\/#website\"},\"datePublished\":\"2025-06-03T09:58:03+00:00\",\"breadcrumb\":{\"@id\":\"https:\/\/eztain.new.mediweb.co\/en\/lp-lead-magnet\/#breadcrumb\"},\"inLanguage\":\"en-US\",\"potentialAction\":[{\"@type\":\"ReadAction\",\"target\":[\"https:\/\/eztain.new.mediweb.co\/en\/lp-lead-magnet\/\"]}]},{\"@type\":\"BreadcrumbList\",\"@id\":\"https:\/\/eztain.new.mediweb.co\/en\/lp-lead-magnet\/#breadcrumb\",\"itemListElement\":[{\"@type\":\"ListItem\",\"position\":1,\"name\":\"Home\",\"item\":\"https:\/\/eztain.new.mediweb.co\/en\/\"},{\"@type\":\"ListItem\",\"position\":2,\"name\":\"LP Lead Magnet\"}]},{\"@type\":\"WebSite\",\"@id\":\"https:\/\/eztain.new.mediweb.co\/en\/#website\",\"url\":\"https:\/\/eztain.new.mediweb.co\/en\/\",\"name\":\"eZtain contention orthodontique 100% sur-mesure en PEEK\",\"description\":\"eZtain Lab propose des contentions d&#039;orthodontie nouvelle g\u00e9n\u00e9ration, sur-mesure, en PEEK. Des contentions ultra-r\u00e9sistantes et esth\u00e9tiques.\",\"alternateName\":\"eZtain contention orthodontique 100% sur-mesure en PEEK\",\"potentialAction\":[{\"@type\":\"SearchAction\",\"target\":{\"@type\":\"EntryPoint\",\"urlTemplate\":\"https:\/\/eztain.new.mediweb.co\/en\/?s={search_term_string}\"},\"query-input\":{\"@type\":\"PropertyValueSpecification\",\"valueRequired\":true,\"valueName\":\"search_term_string\"}}],\"inLanguage\":\"en-US\"}]}<\/script>\n<!-- \/ Yoast SEO plugin. -->","yoast_head_json":{"title":"LP Lead Magnet | eZtain Lab","robots":{"index":"noindex","follow":"follow","max-snippet":"max-snippet:-1","max-image-preview":"max-image-preview:large","max-video-preview":"max-video-preview:-1"},"og_locale":"en_US","og_type":"article","og_title":"LP Lead Magnet | eZtain Lab","og_description":"eZtain","og_url":"https:\/\/eztain.new.mediweb.co\/en\/lp-lead-magnet\/","og_site_name":"eZtain Lab","og_image":[{"width":585,"height":360,"url":"https:\/\/eztain.new.mediweb.co\/wp-content\/uploads\/2024\/04\/contention-numerique-peek-eztain.webp","type":"image\/webp"}],"twitter_card":"summary_large_image","schema":{"@context":"https:\/\/schema.org","@graph":[{"@type":"WebPage","@id":"https:\/\/eztain.new.mediweb.co\/en\/lp-lead-magnet\/","url":"https:\/\/eztain.new.mediweb.co\/en\/lp-lead-magnet\/","name":"LP Lead Magnet | eZtain Lab","isPartOf":{"@id":"https:\/\/eztain.new.mediweb.co\/en\/#website"},"datePublished":"2025-06-03T09:58:03+00:00","breadcrumb":{"@id":"https:\/\/eztain.new.mediweb.co\/en\/lp-lead-magnet\/#breadcrumb"},"inLanguage":"en-US","potentialAction":[{"@type":"ReadAction","target":["https:\/\/eztain.new.mediweb.co\/en\/lp-lead-magnet\/"]}]},{"@type":"BreadcrumbList","@id":"https:\/\/eztain.new.mediweb.co\/en\/lp-lead-magnet\/#breadcrumb","itemListElement":[{"@type":"ListItem","position":1,"name":"Home","item":"https:\/\/eztain.new.mediweb.co\/en\/"},{"@type":"ListItem","position":2,"name":"LP Lead Magnet"}]},{"@type":"WebSite","@id":"https:\/\/eztain.new.mediweb.co\/en\/#website","url":"https:\/\/eztain.new.mediweb.co\/en\/","name":"eZtain contention orthodontique 100% sur-mesure en PEEK","description":"eZtain Lab propose des contentions d&#039;orthodontie nouvelle g\u00e9n\u00e9ration, sur-mesure, en PEEK. Des contentions ultra-r\u00e9sistantes et esth\u00e9tiques.","alternateName":"eZtain contention orthodontique 100% sur-mesure en PEEK","potentialAction":[{"@type":"SearchAction","target":{"@type":"EntryPoint","urlTemplate":"https:\/\/eztain.new.mediweb.co\/en\/?s={search_term_string}"},"query-input":{"@type":"PropertyValueSpecification","valueRequired":true,"valueName":"search_term_string"}}],"inLanguage":"en-US"}]}},"_links":{"self":[{"href":"https:\/\/eztain.new.mediweb.co\/en\/wp-json\/wp\/v2\/pages\/5547","targetHints":{"allow":["GET"]}}],"collection":[{"href":"https:\/\/eztain.new.mediweb.co\/en\/wp-json\/wp\/v2\/pages"}],"about":[{"href":"https:\/\/eztain.new.mediweb.co\/en\/wp-json\/wp\/v2\/types\/page"}],"author":[{"embeddable":true,"href":"https:\/\/eztain.new.mediweb.co\/en\/wp-json\/wp\/v2\/users\/1"}],"replies":[{"embeddable":true,"href":"https:\/\/eztain.new.mediweb.co\/en\/wp-json\/wp\/v2\/comments?post=5547"}],"version-history":[{"count":0,"href":"https:\/\/eztain.new.mediweb.co\/en\/wp-json\/wp\/v2\/pages\/5547\/revisions"}],"wp:attachment":[{"href":"https:\/\/eztain.new.mediweb.co\/en\/wp-json\/wp\/v2\/media?parent=5547"}],"curies":[{"name":"wp","href":"https:\/\/api.w.org\/{rel}","templated":true}]}}