{"id":5505,"date":"2024-03-14T12:07:50","date_gmt":"2024-03-14T11:07:50","guid":{"rendered":"https:\/\/eztain.new.mediweb.co\/temoignages\/"},"modified":"2025-06-19T09:55:46","modified_gmt":"2025-06-19T07:55:46","slug":"temoignages","status":"publish","type":"page","link":"https:\/\/eztain.new.mediweb.co\/en\/temoignages\/","title":{"rendered":"Testimonials"},"content":{"rendered":"","protected":false},"excerpt":{"rendered":"","protected":false},"author":1,"featured_media":4006,"parent":0,"menu_order":0,"comment_status":"closed","ping_status":"closed","template":"page-temoignages.php","meta":{"_acf_changed":false,"_editorskit_title_hidden":false,"_editorskit_reading_time":0,"_editorskit_is_block_options_detached":false,"_editorskit_block_options_position":"{}","footnotes":""},"class_list":["post-5505","page","type-page","status-publish","has-post-thumbnail","hentry"],"acf":[],"yoast_head":"<!-- This site is optimized with the Yoast SEO plugin v27.1.1 - https:\/\/yoast.com\/product\/yoast-seo-wordpress\/ -->\n<title>T\u00e9moignages | eZtain Lab<\/title>\n<meta name=\"description\" content=\"D\u00e9couvrez les t\u00e9moignages de nos utilisateurs sur l&#039;efficacit\u00e9 et la satisfaction des fils de contention eZtain.\" \/>\n<meta name=\"robots\" content=\"noindex, follow, max-snippet:-1, max-image-preview:large, max-video-preview:-1\" \/>\n<meta property=\"og:locale\" content=\"en_US\" \/>\n<meta property=\"og:type\" content=\"article\" \/>\n<meta property=\"og:title\" content=\"T\u00e9moignages | eZtain Lab\" \/>\n<meta property=\"og:description\" content=\"D\u00e9couvrez les t\u00e9moignages de nos utilisateurs sur l&#039;efficacit\u00e9 et la satisfaction des fils de contention eZtain.\" \/>\n<meta property=\"og:url\" content=\"https:\/\/eztain.new.mediweb.co\/en\/temoignages\/\" \/>\n<meta property=\"og:site_name\" content=\"eZtain Lab\" \/>\n<meta property=\"article:modified_time\" content=\"2025-06-19T07:55:46+00:00\" \/>\n<meta property=\"og:image\" content=\"https:\/\/eztain.new.mediweb.co\/wp-content\/uploads\/2024\/03\/dr-nicolas-philippides.png\" \/>\n\t<meta property=\"og:image:width\" content=\"200\" \/>\n\t<meta property=\"og:image:height\" content=\"200\" \/>\n\t<meta property=\"og:image:type\" content=\"image\/png\" \/>\n<meta name=\"twitter:card\" content=\"summary_large_image\" \/>\n<meta name=\"twitter:label1\" content=\"Est. reading time\" \/>\n\t<meta name=\"twitter:data1\" content=\"1 minute\" \/>\n<script type=\"application\/ld+json\" class=\"yoast-schema-graph\">{\"@context\":\"https:\/\/schema.org\",\"@graph\":[{\"@type\":\"WebPage\",\"@id\":\"https:\/\/eztain.new.mediweb.co\/en\/temoignages\/\",\"url\":\"https:\/\/eztain.new.mediweb.co\/en\/temoignages\/\",\"name\":\"T\u00e9moignages | eZtain Lab\",\"isPartOf\":{\"@id\":\"https:\/\/eztain.new.mediweb.co\/en\/#website\"},\"primaryImageOfPage\":{\"@id\":\"https:\/\/eztain.new.mediweb.co\/en\/temoignages\/#primaryimage\"},\"image\":{\"@id\":\"https:\/\/eztain.new.mediweb.co\/en\/temoignages\/#primaryimage\"},\"thumbnailUrl\":\"https:\/\/eztain.new.mediweb.co\/wp-content\/uploads\/2024\/03\/dr-nicolas-philippides.png\",\"datePublished\":\"2024-03-14T11:07:50+00:00\",\"dateModified\":\"2025-06-19T07:55:46+00:00\",\"description\":\"D\u00e9couvrez les t\u00e9moignages de nos utilisateurs sur l'efficacit\u00e9 et la satisfaction des fils de contention eZtain.\",\"breadcrumb\":{\"@id\":\"https:\/\/eztain.new.mediweb.co\/en\/temoignages\/#breadcrumb\"},\"inLanguage\":\"en-US\",\"potentialAction\":[{\"@type\":\"ReadAction\",\"target\":[\"https:\/\/eztain.new.mediweb.co\/en\/temoignages\/\"]}]},{\"@type\":\"ImageObject\",\"inLanguage\":\"en-US\",\"@id\":\"https:\/\/eztain.new.mediweb.co\/en\/temoignages\/#primaryimage\",\"url\":\"https:\/\/eztain.new.mediweb.co\/wp-content\/uploads\/2024\/03\/dr-nicolas-philippides.png\",\"contentUrl\":\"https:\/\/eztain.new.mediweb.co\/wp-content\/uploads\/2024\/03\/dr-nicolas-philippides.png\",\"width\":200,\"height\":200,\"caption\":\"Orthodontiste \u00e0 Lausanne Dr. Nicolas Philippides\"},{\"@type\":\"BreadcrumbList\",\"@id\":\"https:\/\/eztain.new.mediweb.co\/en\/temoignages\/#breadcrumb\",\"itemListElement\":[{\"@type\":\"ListItem\",\"position\":1,\"name\":\"Home\",\"item\":\"https:\/\/eztain.new.mediweb.co\/en\/\"},{\"@type\":\"ListItem\",\"position\":2,\"name\":\"Testimonials\"}]},{\"@type\":\"WebSite\",\"@id\":\"https:\/\/eztain.new.mediweb.co\/en\/#website\",\"url\":\"https:\/\/eztain.new.mediweb.co\/en\/\",\"name\":\"eZtain contention orthodontique 100% sur-mesure en PEEK\",\"description\":\"eZtain Lab propose des contentions d&#039;orthodontie nouvelle g\u00e9n\u00e9ration, sur-mesure, en PEEK. Des contentions ultra-r\u00e9sistantes et esth\u00e9tiques.\",\"alternateName\":\"eZtain contention orthodontique 100% sur-mesure en PEEK\",\"potentialAction\":[{\"@type\":\"SearchAction\",\"target\":{\"@type\":\"EntryPoint\",\"urlTemplate\":\"https:\/\/eztain.new.mediweb.co\/en\/?s={search_term_string}\"},\"query-input\":{\"@type\":\"PropertyValueSpecification\",\"valueRequired\":true,\"valueName\":\"search_term_string\"}}],\"inLanguage\":\"en-US\"}]}<\/script>\n<!-- \/ Yoast SEO plugin. -->","yoast_head_json":{"title":"T\u00e9moignages | eZtain Lab","description":"D\u00e9couvrez les t\u00e9moignages de nos utilisateurs sur l'efficacit\u00e9 et la satisfaction des fils de contention eZtain.","robots":{"index":"noindex","follow":"follow","max-snippet":"max-snippet:-1","max-image-preview":"max-image-preview:large","max-video-preview":"max-video-preview:-1"},"og_locale":"en_US","og_type":"article","og_title":"T\u00e9moignages | eZtain Lab","og_description":"D\u00e9couvrez les t\u00e9moignages de nos utilisateurs sur l'efficacit\u00e9 et la satisfaction des fils de contention eZtain.","og_url":"https:\/\/eztain.new.mediweb.co\/en\/temoignages\/","og_site_name":"eZtain Lab","article_modified_time":"2025-06-19T07:55:46+00:00","og_image":[{"width":200,"height":200,"url":"https:\/\/eztain.new.mediweb.co\/wp-content\/uploads\/2024\/03\/dr-nicolas-philippides.png","type":"image\/png"}],"twitter_card":"summary_large_image","twitter_misc":{"Est. reading time":"1 minute"},"schema":{"@context":"https:\/\/schema.org","@graph":[{"@type":"WebPage","@id":"https:\/\/eztain.new.mediweb.co\/en\/temoignages\/","url":"https:\/\/eztain.new.mediweb.co\/en\/temoignages\/","name":"T\u00e9moignages | eZtain Lab","isPartOf":{"@id":"https:\/\/eztain.new.mediweb.co\/en\/#website"},"primaryImageOfPage":{"@id":"https:\/\/eztain.new.mediweb.co\/en\/temoignages\/#primaryimage"},"image":{"@id":"https:\/\/eztain.new.mediweb.co\/en\/temoignages\/#primaryimage"},"thumbnailUrl":"https:\/\/eztain.new.mediweb.co\/wp-content\/uploads\/2024\/03\/dr-nicolas-philippides.png","datePublished":"2024-03-14T11:07:50+00:00","dateModified":"2025-06-19T07:55:46+00:00","description":"D\u00e9couvrez les t\u00e9moignages de nos utilisateurs sur l'efficacit\u00e9 et la satisfaction des fils de contention eZtain.","breadcrumb":{"@id":"https:\/\/eztain.new.mediweb.co\/en\/temoignages\/#breadcrumb"},"inLanguage":"en-US","potentialAction":[{"@type":"ReadAction","target":["https:\/\/eztain.new.mediweb.co\/en\/temoignages\/"]}]},{"@type":"ImageObject","inLanguage":"en-US","@id":"https:\/\/eztain.new.mediweb.co\/en\/temoignages\/#primaryimage","url":"https:\/\/eztain.new.mediweb.co\/wp-content\/uploads\/2024\/03\/dr-nicolas-philippides.png","contentUrl":"https:\/\/eztain.new.mediweb.co\/wp-content\/uploads\/2024\/03\/dr-nicolas-philippides.png","width":200,"height":200,"caption":"Orthodontiste \u00e0 Lausanne Dr. Nicolas Philippides"},{"@type":"BreadcrumbList","@id":"https:\/\/eztain.new.mediweb.co\/en\/temoignages\/#breadcrumb","itemListElement":[{"@type":"ListItem","position":1,"name":"Home","item":"https:\/\/eztain.new.mediweb.co\/en\/"},{"@type":"ListItem","position":2,"name":"Testimonials"}]},{"@type":"WebSite","@id":"https:\/\/eztain.new.mediweb.co\/en\/#website","url":"https:\/\/eztain.new.mediweb.co\/en\/","name":"eZtain contention orthodontique 100% sur-mesure en PEEK","description":"eZtain Lab propose des contentions d&#039;orthodontie nouvelle g\u00e9n\u00e9ration, sur-mesure, en PEEK. Des contentions ultra-r\u00e9sistantes et esth\u00e9tiques.","alternateName":"eZtain contention orthodontique 100% sur-mesure en PEEK","potentialAction":[{"@type":"SearchAction","target":{"@type":"EntryPoint","urlTemplate":"https:\/\/eztain.new.mediweb.co\/en\/?s={search_term_string}"},"query-input":{"@type":"PropertyValueSpecification","valueRequired":true,"valueName":"search_term_string"}}],"inLanguage":"en-US"}]}},"_links":{"self":[{"href":"https:\/\/eztain.new.mediweb.co\/en\/wp-json\/wp\/v2\/pages\/5505","targetHints":{"allow":["GET"]}}],"collection":[{"href":"https:\/\/eztain.new.mediweb.co\/en\/wp-json\/wp\/v2\/pages"}],"about":[{"href":"https:\/\/eztain.new.mediweb.co\/en\/wp-json\/wp\/v2\/types\/page"}],"author":[{"embeddable":true,"href":"https:\/\/eztain.new.mediweb.co\/en\/wp-json\/wp\/v2\/users\/1"}],"replies":[{"embeddable":true,"href":"https:\/\/eztain.new.mediweb.co\/en\/wp-json\/wp\/v2\/comments?post=5505"}],"version-history":[{"count":0,"href":"https:\/\/eztain.new.mediweb.co\/en\/wp-json\/wp\/v2\/pages\/5505\/revisions"}],"wp:featuredmedia":[{"embeddable":true,"href":"https:\/\/eztain.new.mediweb.co\/en\/wp-json\/wp\/v2\/media\/4006"}],"wp:attachment":[{"href":"https:\/\/eztain.new.mediweb.co\/en\/wp-json\/wp\/v2\/media?parent=5505"}],"curies":[{"name":"wp","href":"https:\/\/api.w.org\/{rel}","templated":true}]}}