{"id":5504,"date":"2024-03-14T12:11:54","date_gmt":"2024-03-14T11:11:54","guid":{"rendered":"https:\/\/eztain.new.mediweb.co\/notre-vision-eztain\/"},"modified":"2025-06-19T09:54:48","modified_gmt":"2025-06-19T07:54:48","slug":"notre-vision-eztain","status":"publish","type":"page","link":"https:\/\/eztain.new.mediweb.co\/en\/notre-vision-eztain\/","title":{"rendered":"By an orthodontist, for orthodontists"},"content":{"rendered":"","protected":false},"excerpt":{"rendered":"","protected":false},"author":1,"featured_media":4064,"parent":0,"menu_order":0,"comment_status":"closed","ping_status":"closed","template":"page-vision.php","meta":{"_acf_changed":true,"_editorskit_title_hidden":false,"_editorskit_reading_time":0,"_editorskit_is_block_options_detached":false,"_editorskit_block_options_position":"{}","footnotes":""},"class_list":["post-5504","page","type-page","status-publish","has-post-thumbnail","hentry"],"acf":[],"yoast_head":"<!-- This site is optimized with the Yoast SEO plugin v27.1.1 - https:\/\/yoast.com\/product\/yoast-seo-wordpress\/ -->\n<title>eZtain pour les Praticiens<\/title>\n<meta name=\"description\" content=\"Nous avons cr\u00e9\u00e9 une nouvelle g\u00e9n\u00e9ration de fils de contention dentaires pour remplacer les contentions m\u00e9talliques traditionnelles.\" \/>\n<meta name=\"robots\" content=\"noindex, follow, max-snippet:-1, max-image-preview:large, max-video-preview:-1\" \/>\n<meta property=\"og:locale\" content=\"en_US\" \/>\n<meta property=\"og:type\" content=\"article\" \/>\n<meta property=\"og:title\" content=\"eZtain pour les Praticiens\" \/>\n<meta property=\"og:description\" content=\"Nous avons cr\u00e9\u00e9 une nouvelle g\u00e9n\u00e9ration de fils de contention dentaires pour remplacer les contentions m\u00e9talliques traditionnelles.\" \/>\n<meta property=\"og:url\" content=\"https:\/\/eztain.new.mediweb.co\/en\/notre-vision-eztain\/\" \/>\n<meta property=\"og:site_name\" content=\"eZtain Lab\" \/>\n<meta property=\"article:modified_time\" content=\"2025-06-19T07:54:48+00:00\" \/>\n<meta property=\"og:image\" content=\"https:\/\/eztain.new.mediweb.co\/wp-content\/uploads\/2024\/09\/exemple-contention-1-1024x836.png\" \/>\n\t<meta property=\"og:image:width\" content=\"1024\" \/>\n\t<meta property=\"og:image:height\" content=\"836\" \/>\n\t<meta property=\"og:image:type\" content=\"image\/png\" \/>\n<meta name=\"twitter:card\" content=\"summary_large_image\" \/>\n<meta name=\"twitter:label1\" content=\"Est. reading time\" \/>\n\t<meta name=\"twitter:data1\" content=\"1 minute\" \/>\n<script type=\"application\/ld+json\" class=\"yoast-schema-graph\">{\"@context\":\"https:\/\/schema.org\",\"@graph\":[{\"@type\":\"WebPage\",\"@id\":\"https:\/\/eztain.new.mediweb.co\/en\/notre-vision-eztain\/\",\"url\":\"https:\/\/eztain.new.mediweb.co\/en\/notre-vision-eztain\/\",\"name\":\"eZtain pour les Praticiens\",\"isPartOf\":{\"@id\":\"https:\/\/eztain.new.mediweb.co\/en\/#website\"},\"primaryImageOfPage\":{\"@id\":\"https:\/\/eztain.new.mediweb.co\/en\/notre-vision-eztain\/#primaryimage\"},\"image\":{\"@id\":\"https:\/\/eztain.new.mediweb.co\/en\/notre-vision-eztain\/#primaryimage\"},\"thumbnailUrl\":\"https:\/\/eztain.new.mediweb.co\/wp-content\/uploads\/2024\/09\/exemple-contention-1.png\",\"datePublished\":\"2024-03-14T11:11:54+00:00\",\"dateModified\":\"2025-06-19T07:54:48+00:00\",\"description\":\"Nous avons cr\u00e9\u00e9 une nouvelle g\u00e9n\u00e9ration de fils de contention dentaires pour remplacer les contentions m\u00e9talliques traditionnelles.\",\"breadcrumb\":{\"@id\":\"https:\/\/eztain.new.mediweb.co\/en\/notre-vision-eztain\/#breadcrumb\"},\"inLanguage\":\"en-US\",\"potentialAction\":[{\"@type\":\"ReadAction\",\"target\":[\"https:\/\/eztain.new.mediweb.co\/en\/notre-vision-eztain\/\"]}]},{\"@type\":\"ImageObject\",\"inLanguage\":\"en-US\",\"@id\":\"https:\/\/eztain.new.mediweb.co\/en\/notre-vision-eztain\/#primaryimage\",\"url\":\"https:\/\/eztain.new.mediweb.co\/wp-content\/uploads\/2024\/09\/exemple-contention-1.png\",\"contentUrl\":\"https:\/\/eztain.new.mediweb.co\/wp-content\/uploads\/2024\/09\/exemple-contention-1.png\",\"width\":2046,\"height\":1671,\"caption\":\"Exemple de contentions d'orthodontie\"},{\"@type\":\"BreadcrumbList\",\"@id\":\"https:\/\/eztain.new.mediweb.co\/en\/notre-vision-eztain\/#breadcrumb\",\"itemListElement\":[{\"@type\":\"ListItem\",\"position\":1,\"name\":\"Home\",\"item\":\"https:\/\/eztain.new.mediweb.co\/en\/\"},{\"@type\":\"ListItem\",\"position\":2,\"name\":\"By an orthodontist, for orthodontists\"}]},{\"@type\":\"WebSite\",\"@id\":\"https:\/\/eztain.new.mediweb.co\/en\/#website\",\"url\":\"https:\/\/eztain.new.mediweb.co\/en\/\",\"name\":\"eZtain contention orthodontique 100% sur-mesure en PEEK\",\"description\":\"eZtain Lab propose des contentions d&#039;orthodontie nouvelle g\u00e9n\u00e9ration, sur-mesure, en PEEK. Des contentions ultra-r\u00e9sistantes et esth\u00e9tiques.\",\"alternateName\":\"eZtain contention orthodontique 100% sur-mesure en PEEK\",\"potentialAction\":[{\"@type\":\"SearchAction\",\"target\":{\"@type\":\"EntryPoint\",\"urlTemplate\":\"https:\/\/eztain.new.mediweb.co\/en\/?s={search_term_string}\"},\"query-input\":{\"@type\":\"PropertyValueSpecification\",\"valueRequired\":true,\"valueName\":\"search_term_string\"}}],\"inLanguage\":\"en-US\"}]}<\/script>\n<!-- \/ Yoast SEO plugin. -->","yoast_head_json":{"title":"eZtain pour les Praticiens","description":"Nous avons cr\u00e9\u00e9 une nouvelle g\u00e9n\u00e9ration de fils de contention dentaires pour remplacer les contentions m\u00e9talliques traditionnelles.","robots":{"index":"noindex","follow":"follow","max-snippet":"max-snippet:-1","max-image-preview":"max-image-preview:large","max-video-preview":"max-video-preview:-1"},"og_locale":"en_US","og_type":"article","og_title":"eZtain pour les Praticiens","og_description":"Nous avons cr\u00e9\u00e9 une nouvelle g\u00e9n\u00e9ration de fils de contention dentaires pour remplacer les contentions m\u00e9talliques traditionnelles.","og_url":"https:\/\/eztain.new.mediweb.co\/en\/notre-vision-eztain\/","og_site_name":"eZtain Lab","article_modified_time":"2025-06-19T07:54:48+00:00","og_image":[{"width":1024,"height":836,"url":"https:\/\/eztain.new.mediweb.co\/wp-content\/uploads\/2024\/09\/exemple-contention-1-1024x836.png","type":"image\/png"}],"twitter_card":"summary_large_image","twitter_misc":{"Est. reading time":"1 minute"},"schema":{"@context":"https:\/\/schema.org","@graph":[{"@type":"WebPage","@id":"https:\/\/eztain.new.mediweb.co\/en\/notre-vision-eztain\/","url":"https:\/\/eztain.new.mediweb.co\/en\/notre-vision-eztain\/","name":"eZtain pour les Praticiens","isPartOf":{"@id":"https:\/\/eztain.new.mediweb.co\/en\/#website"},"primaryImageOfPage":{"@id":"https:\/\/eztain.new.mediweb.co\/en\/notre-vision-eztain\/#primaryimage"},"image":{"@id":"https:\/\/eztain.new.mediweb.co\/en\/notre-vision-eztain\/#primaryimage"},"thumbnailUrl":"https:\/\/eztain.new.mediweb.co\/wp-content\/uploads\/2024\/09\/exemple-contention-1.png","datePublished":"2024-03-14T11:11:54+00:00","dateModified":"2025-06-19T07:54:48+00:00","description":"Nous avons cr\u00e9\u00e9 une nouvelle g\u00e9n\u00e9ration de fils de contention dentaires pour remplacer les contentions m\u00e9talliques traditionnelles.","breadcrumb":{"@id":"https:\/\/eztain.new.mediweb.co\/en\/notre-vision-eztain\/#breadcrumb"},"inLanguage":"en-US","potentialAction":[{"@type":"ReadAction","target":["https:\/\/eztain.new.mediweb.co\/en\/notre-vision-eztain\/"]}]},{"@type":"ImageObject","inLanguage":"en-US","@id":"https:\/\/eztain.new.mediweb.co\/en\/notre-vision-eztain\/#primaryimage","url":"https:\/\/eztain.new.mediweb.co\/wp-content\/uploads\/2024\/09\/exemple-contention-1.png","contentUrl":"https:\/\/eztain.new.mediweb.co\/wp-content\/uploads\/2024\/09\/exemple-contention-1.png","width":2046,"height":1671,"caption":"Exemple de contentions d'orthodontie"},{"@type":"BreadcrumbList","@id":"https:\/\/eztain.new.mediweb.co\/en\/notre-vision-eztain\/#breadcrumb","itemListElement":[{"@type":"ListItem","position":1,"name":"Home","item":"https:\/\/eztain.new.mediweb.co\/en\/"},{"@type":"ListItem","position":2,"name":"By an orthodontist, for orthodontists"}]},{"@type":"WebSite","@id":"https:\/\/eztain.new.mediweb.co\/en\/#website","url":"https:\/\/eztain.new.mediweb.co\/en\/","name":"eZtain contention orthodontique 100% sur-mesure en PEEK","description":"eZtain Lab propose des contentions d&#039;orthodontie nouvelle g\u00e9n\u00e9ration, sur-mesure, en PEEK. Des contentions ultra-r\u00e9sistantes et esth\u00e9tiques.","alternateName":"eZtain contention orthodontique 100% sur-mesure en PEEK","potentialAction":[{"@type":"SearchAction","target":{"@type":"EntryPoint","urlTemplate":"https:\/\/eztain.new.mediweb.co\/en\/?s={search_term_string}"},"query-input":{"@type":"PropertyValueSpecification","valueRequired":true,"valueName":"search_term_string"}}],"inLanguage":"en-US"}]}},"_links":{"self":[{"href":"https:\/\/eztain.new.mediweb.co\/en\/wp-json\/wp\/v2\/pages\/5504","targetHints":{"allow":["GET"]}}],"collection":[{"href":"https:\/\/eztain.new.mediweb.co\/en\/wp-json\/wp\/v2\/pages"}],"about":[{"href":"https:\/\/eztain.new.mediweb.co\/en\/wp-json\/wp\/v2\/types\/page"}],"author":[{"embeddable":true,"href":"https:\/\/eztain.new.mediweb.co\/en\/wp-json\/wp\/v2\/users\/1"}],"replies":[{"embeddable":true,"href":"https:\/\/eztain.new.mediweb.co\/en\/wp-json\/wp\/v2\/comments?post=5504"}],"version-history":[{"count":0,"href":"https:\/\/eztain.new.mediweb.co\/en\/wp-json\/wp\/v2\/pages\/5504\/revisions"}],"wp:featuredmedia":[{"embeddable":true,"href":"https:\/\/eztain.new.mediweb.co\/en\/wp-json\/wp\/v2\/media\/4064"}],"wp:attachment":[{"href":"https:\/\/eztain.new.mediweb.co\/en\/wp-json\/wp\/v2\/media?parent=5504"}],"curies":[{"name":"wp","href":"https:\/\/api.w.org\/{rel}","templated":true}]}}