{"id":5503,"date":"2024-03-14T12:12:25","date_gmt":"2024-03-14T11:12:25","guid":{"rendered":"https:\/\/eztain.new.mediweb.co\/cas-cliniques\/"},"modified":"2025-06-19T09:54:09","modified_gmt":"2025-06-19T07:54:09","slug":"cas-cliniques","status":"publish","type":"page","link":"https:\/\/eztain.new.mediweb.co\/en\/cas-cliniques\/","title":{"rendered":"Clinical cases"},"content":{"rendered":"","protected":false},"excerpt":{"rendered":"","protected":false},"author":1,"featured_media":4042,"parent":0,"menu_order":0,"comment_status":"closed","ping_status":"closed","template":"page-cas-cliniques.php","meta":{"_acf_changed":false,"_editorskit_title_hidden":false,"_editorskit_reading_time":0,"_editorskit_is_block_options_detached":false,"_editorskit_block_options_position":"{}","footnotes":""},"class_list":["post-5503","page","type-page","status-publish","has-post-thumbnail","hentry"],"acf":[],"yoast_head":"<!-- This site is optimized with the Yoast SEO plugin v27.1.1 - https:\/\/yoast.com\/product\/yoast-seo-wordpress\/ -->\n<title>Cas cliniques | eZtain Lab<\/title>\n<meta name=\"description\" content=\"Explorez nos cas cliniques pour d\u00e9couvrir comment eZtain Lab r\u00e9volutionne le domaine de la contention d&#039;orthodontie.\" \/>\n<meta name=\"robots\" content=\"noindex, follow, max-snippet:-1, max-image-preview:large, max-video-preview:-1\" \/>\n<meta property=\"og:locale\" content=\"en_US\" \/>\n<meta property=\"og:type\" content=\"article\" \/>\n<meta property=\"og:title\" content=\"Cas cliniques | eZtain Lab\" \/>\n<meta property=\"og:description\" content=\"Explorez nos cas cliniques pour d\u00e9couvrir comment eZtain Lab r\u00e9volutionne le domaine de la contention d&#039;orthodontie.\" \/>\n<meta property=\"og:url\" content=\"https:\/\/eztain.new.mediweb.co\/en\/cas-cliniques\/\" \/>\n<meta property=\"og:site_name\" content=\"eZtain Lab\" \/>\n<meta property=\"article:modified_time\" content=\"2025-06-19T07:54:09+00:00\" \/>\n<meta property=\"og:image\" content=\"https:\/\/eztain.new.mediweb.co\/wp-content\/uploads\/2024\/09\/Contention-orthodontique.png\" \/>\n\t<meta property=\"og:image:width\" content=\"2046\" \/>\n\t<meta property=\"og:image:height\" content=\"1010\" \/>\n\t<meta property=\"og:image:type\" content=\"image\/png\" \/>\n<meta name=\"twitter:card\" content=\"summary_large_image\" \/>\n<script type=\"application\/ld+json\" class=\"yoast-schema-graph\">{\"@context\":\"https:\/\/schema.org\",\"@graph\":[{\"@type\":\"WebPage\",\"@id\":\"https:\/\/eztain.new.mediweb.co\/en\/cas-cliniques\/\",\"url\":\"https:\/\/eztain.new.mediweb.co\/en\/cas-cliniques\/\",\"name\":\"Cas cliniques | eZtain Lab\",\"isPartOf\":{\"@id\":\"https:\/\/eztain.new.mediweb.co\/en\/#website\"},\"primaryImageOfPage\":{\"@id\":\"https:\/\/eztain.new.mediweb.co\/en\/cas-cliniques\/#primaryimage\"},\"image\":{\"@id\":\"https:\/\/eztain.new.mediweb.co\/en\/cas-cliniques\/#primaryimage\"},\"thumbnailUrl\":\"https:\/\/eztain.new.mediweb.co\/wp-content\/uploads\/2024\/09\/Contention-orthodontique.png\",\"datePublished\":\"2024-03-14T11:12:25+00:00\",\"dateModified\":\"2025-06-19T07:54:09+00:00\",\"description\":\"Explorez nos cas cliniques pour d\u00e9couvrir comment eZtain Lab r\u00e9volutionne le domaine de la contention d'orthodontie.\",\"breadcrumb\":{\"@id\":\"https:\/\/eztain.new.mediweb.co\/en\/cas-cliniques\/#breadcrumb\"},\"inLanguage\":\"en-US\",\"potentialAction\":[{\"@type\":\"ReadAction\",\"target\":[\"https:\/\/eztain.new.mediweb.co\/en\/cas-cliniques\/\"]}]},{\"@type\":\"ImageObject\",\"inLanguage\":\"en-US\",\"@id\":\"https:\/\/eztain.new.mediweb.co\/en\/cas-cliniques\/#primaryimage\",\"url\":\"https:\/\/eztain.new.mediweb.co\/wp-content\/uploads\/2024\/09\/Contention-orthodontique.png\",\"contentUrl\":\"https:\/\/eztain.new.mediweb.co\/wp-content\/uploads\/2024\/09\/Contention-orthodontique.png\",\"width\":2046,\"height\":1010,\"caption\":\"Contention orthodontique\"},{\"@type\":\"BreadcrumbList\",\"@id\":\"https:\/\/eztain.new.mediweb.co\/en\/cas-cliniques\/#breadcrumb\",\"itemListElement\":[{\"@type\":\"ListItem\",\"position\":1,\"name\":\"Home\",\"item\":\"https:\/\/eztain.new.mediweb.co\/en\/\"},{\"@type\":\"ListItem\",\"position\":2,\"name\":\"Clinical cases\"}]},{\"@type\":\"WebSite\",\"@id\":\"https:\/\/eztain.new.mediweb.co\/en\/#website\",\"url\":\"https:\/\/eztain.new.mediweb.co\/en\/\",\"name\":\"eZtain contention orthodontique 100% sur-mesure en PEEK\",\"description\":\"eZtain Lab propose des contentions d&#039;orthodontie nouvelle g\u00e9n\u00e9ration, sur-mesure, en PEEK. Des contentions ultra-r\u00e9sistantes et esth\u00e9tiques.\",\"alternateName\":\"eZtain contention orthodontique 100% sur-mesure en PEEK\",\"potentialAction\":[{\"@type\":\"SearchAction\",\"target\":{\"@type\":\"EntryPoint\",\"urlTemplate\":\"https:\/\/eztain.new.mediweb.co\/en\/?s={search_term_string}\"},\"query-input\":{\"@type\":\"PropertyValueSpecification\",\"valueRequired\":true,\"valueName\":\"search_term_string\"}}],\"inLanguage\":\"en-US\"}]}<\/script>\n<!-- \/ Yoast SEO plugin. -->","yoast_head_json":{"title":"Cas cliniques | eZtain Lab","description":"Explorez nos cas cliniques pour d\u00e9couvrir comment eZtain Lab r\u00e9volutionne le domaine de la contention d'orthodontie.","robots":{"index":"noindex","follow":"follow","max-snippet":"max-snippet:-1","max-image-preview":"max-image-preview:large","max-video-preview":"max-video-preview:-1"},"og_locale":"en_US","og_type":"article","og_title":"Cas cliniques | eZtain Lab","og_description":"Explorez nos cas cliniques pour d\u00e9couvrir comment eZtain Lab r\u00e9volutionne le domaine de la contention d'orthodontie.","og_url":"https:\/\/eztain.new.mediweb.co\/en\/cas-cliniques\/","og_site_name":"eZtain Lab","article_modified_time":"2025-06-19T07:54:09+00:00","og_image":[{"width":2046,"height":1010,"url":"https:\/\/eztain.new.mediweb.co\/wp-content\/uploads\/2024\/09\/Contention-orthodontique.png","type":"image\/png"}],"twitter_card":"summary_large_image","schema":{"@context":"https:\/\/schema.org","@graph":[{"@type":"WebPage","@id":"https:\/\/eztain.new.mediweb.co\/en\/cas-cliniques\/","url":"https:\/\/eztain.new.mediweb.co\/en\/cas-cliniques\/","name":"Cas cliniques | eZtain Lab","isPartOf":{"@id":"https:\/\/eztain.new.mediweb.co\/en\/#website"},"primaryImageOfPage":{"@id":"https:\/\/eztain.new.mediweb.co\/en\/cas-cliniques\/#primaryimage"},"image":{"@id":"https:\/\/eztain.new.mediweb.co\/en\/cas-cliniques\/#primaryimage"},"thumbnailUrl":"https:\/\/eztain.new.mediweb.co\/wp-content\/uploads\/2024\/09\/Contention-orthodontique.png","datePublished":"2024-03-14T11:12:25+00:00","dateModified":"2025-06-19T07:54:09+00:00","description":"Explorez nos cas cliniques pour d\u00e9couvrir comment eZtain Lab r\u00e9volutionne le domaine de la contention d'orthodontie.","breadcrumb":{"@id":"https:\/\/eztain.new.mediweb.co\/en\/cas-cliniques\/#breadcrumb"},"inLanguage":"en-US","potentialAction":[{"@type":"ReadAction","target":["https:\/\/eztain.new.mediweb.co\/en\/cas-cliniques\/"]}]},{"@type":"ImageObject","inLanguage":"en-US","@id":"https:\/\/eztain.new.mediweb.co\/en\/cas-cliniques\/#primaryimage","url":"https:\/\/eztain.new.mediweb.co\/wp-content\/uploads\/2024\/09\/Contention-orthodontique.png","contentUrl":"https:\/\/eztain.new.mediweb.co\/wp-content\/uploads\/2024\/09\/Contention-orthodontique.png","width":2046,"height":1010,"caption":"Contention orthodontique"},{"@type":"BreadcrumbList","@id":"https:\/\/eztain.new.mediweb.co\/en\/cas-cliniques\/#breadcrumb","itemListElement":[{"@type":"ListItem","position":1,"name":"Home","item":"https:\/\/eztain.new.mediweb.co\/en\/"},{"@type":"ListItem","position":2,"name":"Clinical cases"}]},{"@type":"WebSite","@id":"https:\/\/eztain.new.mediweb.co\/en\/#website","url":"https:\/\/eztain.new.mediweb.co\/en\/","name":"eZtain contention orthodontique 100% sur-mesure en PEEK","description":"eZtain Lab propose des contentions d&#039;orthodontie nouvelle g\u00e9n\u00e9ration, sur-mesure, en PEEK. Des contentions ultra-r\u00e9sistantes et esth\u00e9tiques.","alternateName":"eZtain contention orthodontique 100% sur-mesure en PEEK","potentialAction":[{"@type":"SearchAction","target":{"@type":"EntryPoint","urlTemplate":"https:\/\/eztain.new.mediweb.co\/en\/?s={search_term_string}"},"query-input":{"@type":"PropertyValueSpecification","valueRequired":true,"valueName":"search_term_string"}}],"inLanguage":"en-US"}]}},"_links":{"self":[{"href":"https:\/\/eztain.new.mediweb.co\/en\/wp-json\/wp\/v2\/pages\/5503","targetHints":{"allow":["GET"]}}],"collection":[{"href":"https:\/\/eztain.new.mediweb.co\/en\/wp-json\/wp\/v2\/pages"}],"about":[{"href":"https:\/\/eztain.new.mediweb.co\/en\/wp-json\/wp\/v2\/types\/page"}],"author":[{"embeddable":true,"href":"https:\/\/eztain.new.mediweb.co\/en\/wp-json\/wp\/v2\/users\/1"}],"replies":[{"embeddable":true,"href":"https:\/\/eztain.new.mediweb.co\/en\/wp-json\/wp\/v2\/comments?post=5503"}],"version-history":[{"count":0,"href":"https:\/\/eztain.new.mediweb.co\/en\/wp-json\/wp\/v2\/pages\/5503\/revisions"}],"wp:featuredmedia":[{"embeddable":true,"href":"https:\/\/eztain.new.mediweb.co\/en\/wp-json\/wp\/v2\/media\/4042"}],"wp:attachment":[{"href":"https:\/\/eztain.new.mediweb.co\/en\/wp-json\/wp\/v2\/media?parent=5503"}],"curies":[{"name":"wp","href":"https:\/\/api.w.org\/{rel}","templated":true}]}}